{"id":571,"date":"2024-03-08T10:13:03","date_gmt":"2024-03-08T09:13:03","guid":{"rendered":"https:\/\/www.physioteam-sendling.de\/?page_id=571"},"modified":"2026-02-11T12:11:05","modified_gmt":"2026-02-11T11:11:05","slug":"beckenboden","status":"publish","type":"page","link":"https:\/\/www.physioteam-sendling.de\/?page_id=571","title":{"rendered":"Beckenboden"},"content":{"rendered":"\n<p><strong>Physiotherapie in der Gyn\u00e4kologie, Urologie, Proktologie und Geburtshilfe <\/strong><\/p>\n\n\n\n<p>Die Beckenbodenphysiotherapie richtet sich an Patient*innen mit Beschwerden oder Dysfunktionen im Bereich von Beckenboden, Blase, Darm und Sexualfunktion. Zu unserem Leistungsspektrum geh\u00f6rt unter anderem die Behandlung von:<\/p>\n\n\n\n<ul class=\"wp-block-list\">\n<li>Verschiedene Formen der Harn- und Stuhlinkontinenz<\/li>\n\n\n\n<li>Drangsymptomatik<\/li>\n\n\n\n<li>Senkungsbeschwerden der Beckenorgane<\/li>\n\n\n\n<li>Endometriose<\/li>\n\n\n\n<li>Dyspareunie<\/li>\n\n\n\n<li>Vulvodynie<\/li>\n\n\n\n<li>Vaginismus<\/li>\n\n\n\n<li>chronischer Beckenschmerz<\/li>\n\n\n\n<li>Stei\u00dfbeinschmerzen<\/li>\n\n\n\n<li>Lichen Sklerose<\/li>\n\n\n\n<li>Schwangerschafts- oder postpartale Beschwerden (Symphysenschmerz, Rektusdiastase u.a.)<\/li>\n\n\n\n<li>Behandlung vor\/nach gyn\u00e4kologischen, urologischen oder proktologischen Operationen<\/li>\n<\/ul>\n\n\n\n<p>Die Grundlage der Therapie bilden eine ausf\u00fchrliche Anamnese und Untersuchung. Darauf basierend umfasst die Behandlung individuell angepasste Ma\u00dfnahmen wie Beckenbodentraining, manuelle und myofasziale Techniken, Atem- und Haltungsarbeit sowie Beratung zum alltagsgerechten Belastungs- und Druckmanagement. Die ganzheitliche Therapie orientiert sich unter anderem an den Inhalten der Arbeitsgemeinschaft Gyn\u00e4kologie, Geburtshilfe, Urologie und Proktologie (AG GGUP). Als spezialisierte Physiotherapeutinnen sind wir Kooperationspartner des zertifizierten Endometriosezentrums Agatharied.<\/p>\n","protected":false},"excerpt":{"rendered":"<p>Physiotherapie in der Gyn\u00e4kologie, Urologie, Proktologie und Geburtshilfe Die Beckenbodenphysiotherapie richtet sich an Patient*innen mit Beschwerden oder Dysfunktionen im Bereich von Beckenboden, Blase, Darm und Sexualfunktion. Zu unserem Leistungsspektrum geh\u00f6rt unter anderem die Behandlung von: Die Grundlage der Therapie bilden eine ausf\u00fchrliche Anamnese und Untersuchung. Darauf basierend umfasst die Behandlung individuell angepasste Ma\u00dfnahmen wie Beckenbodentraining, &hellip; <\/p>\n<p class=\"link-more\"><a href=\"https:\/\/www.physioteam-sendling.de\/?page_id=571\" class=\"more-link\"><span class=\"screen-reader-text\">\u201eBeckenboden\u201c <\/span>weiterlesen<\/a><\/p>\n","protected":false},"author":2,"featured_media":0,"parent":40,"menu_order":-1,"comment_status":"closed","ping_status":"closed","template":"","meta":{"ngg_post_thumbnail":0,"footnotes":""},"class_list":["post-571","page","type-page","status-publish","hentry"],"_links":{"self":[{"href":"https:\/\/www.physioteam-sendling.de\/index.php?rest_route=\/wp\/v2\/pages\/571","targetHints":{"allow":["GET"]}}],"collection":[{"href":"https:\/\/www.physioteam-sendling.de\/index.php?rest_route=\/wp\/v2\/pages"}],"about":[{"href":"https:\/\/www.physioteam-sendling.de\/index.php?rest_route=\/wp\/v2\/types\/page"}],"author":[{"embeddable":true,"href":"https:\/\/www.physioteam-sendling.de\/index.php?rest_route=\/wp\/v2\/users\/2"}],"replies":[{"embeddable":true,"href":"https:\/\/www.physioteam-sendling.de\/index.php?rest_route=%2Fwp%2Fv2%2Fcomments&post=571"}],"version-history":[{"count":4,"href":"https:\/\/www.physioteam-sendling.de\/index.php?rest_route=\/wp\/v2\/pages\/571\/revisions"}],"predecessor-version":[{"id":664,"href":"https:\/\/www.physioteam-sendling.de\/index.php?rest_route=\/wp\/v2\/pages\/571\/revisions\/664"}],"up":[{"embeddable":true,"href":"https:\/\/www.physioteam-sendling.de\/index.php?rest_route=\/wp\/v2\/pages\/40"}],"wp:attachment":[{"href":"https:\/\/www.physioteam-sendling.de\/index.php?rest_route=%2Fwp%2Fv2%2Fmedia&parent=571"}],"curies":[{"name":"wp","href":"https:\/\/api.w.org\/{rel}","templated":true}]}}