{"id":43,"date":"2018-04-14T18:15:44","date_gmt":"2018-04-14T16:15:44","guid":{"rendered":"http:\/\/www.physioteam-sendling.de\/wp-physioteam\/?page_id=43"},"modified":"2026-03-03T14:03:32","modified_gmt":"2026-03-03T13:03:32","slug":"das-team","status":"publish","type":"page","link":"https:\/\/www.physioteam-sendling.de\/?page_id=43","title":{"rendered":"Das Team"},"content":{"rendered":"<p><img loading=\"lazy\" decoding=\"async\" class=\"alignnone  wp-image-629\" src=\"https:\/\/www.physioteam-sendling.de\/wp-physioteam\/wp-content\/uploads\/2026\/02\/DSC7275-Bearbeitet-3-300x200.jpg\" alt=\"\" width=\"651\" height=\"434\" srcset=\"https:\/\/www.physioteam-sendling.de\/wp-physioteam\/wp-content\/uploads\/2026\/02\/DSC7275-Bearbeitet-3-300x200.jpg 300w, https:\/\/www.physioteam-sendling.de\/wp-physioteam\/wp-content\/uploads\/2026\/02\/DSC7275-Bearbeitet-3-1024x683.jpg 1024w, https:\/\/www.physioteam-sendling.de\/wp-physioteam\/wp-content\/uploads\/2026\/02\/DSC7275-Bearbeitet-3-768x512.jpg 768w, https:\/\/www.physioteam-sendling.de\/wp-physioteam\/wp-content\/uploads\/2026\/02\/DSC7275-Bearbeitet-3-1536x1025.jpg 1536w, https:\/\/www.physioteam-sendling.de\/wp-physioteam\/wp-content\/uploads\/2026\/02\/DSC7275-Bearbeitet-3-2048x1366.jpg 2048w\" sizes=\"auto, (max-width: 651px) 100vw, 651px\" \/><\/p>\n<p>Eva und Tobias gr\u00fcndeten die Praxis im Jahr 2011. Seitdem hat sich das Team stetig vergr\u00f6\u00dfert. Aktuell arbeiten 13 Therapeuten mit einem breitem Fortbildungswissen in der Praxis.<\/p>\n<h2 id=\"eva\">Eva Fuchs<\/h2>\n<p><img loading=\"lazy\" decoding=\"async\" class=\"alignnone size-medium wp-image-620\" src=\"https:\/\/www.physioteam-sendling.de\/wp-physioteam\/wp-content\/uploads\/2026\/02\/DSC7018-214x300.jpg\" alt=\"\" width=\"214\" height=\"300\" srcset=\"https:\/\/www.physioteam-sendling.de\/wp-physioteam\/wp-content\/uploads\/2026\/02\/DSC7018-214x300.jpg 214w, https:\/\/www.physioteam-sendling.de\/wp-physioteam\/wp-content\/uploads\/2026\/02\/DSC7018-731x1024.jpg 731w, https:\/\/www.physioteam-sendling.de\/wp-physioteam\/wp-content\/uploads\/2026\/02\/DSC7018-768x1075.jpg 768w, https:\/\/www.physioteam-sendling.de\/wp-physioteam\/wp-content\/uploads\/2026\/02\/DSC7018-1097x1536.jpg 1097w, https:\/\/www.physioteam-sendling.de\/wp-physioteam\/wp-content\/uploads\/2026\/02\/DSC7018-1463x2048.jpg 1463w, https:\/\/www.physioteam-sendling.de\/wp-physioteam\/wp-content\/uploads\/2026\/02\/DSC7018-scaled.jpg 1829w\" sizes=\"auto, (max-width: 214px) 100vw, 214px\" \/><\/p>\n<p>Eva Fuchs absolvierte 2007 ihre Ausbildung zur Physiotherapeutin in M\u00fcnchen Gro\u00dfhadern und arbeitete als fachliche Leitung in einer Physiotherapiepraxis. Im Oktober 2011 schloss sie nach der Fortbildung Manuelle Lymphdrainage ihr berufsbegleitendes Studium \u201ePhysiotherapie mit Schwerpunkt Management\u201d erfolgreich ab und erhielt die Zertifikate KG Ger\u00e4t, KG-ZNS nach Bobath (Erwachsene) und Manuelle Therapie. Sie ist zudem sektorale Heilpraktikerin f\u00fcr Physiotherapie.<\/p>\n<h2 id=\"tobias\">Tobias B\u00fccherl<\/h2>\n<p><img loading=\"lazy\" decoding=\"async\" class=\"alignnone size-medium wp-image-621\" src=\"https:\/\/www.physioteam-sendling.de\/wp-physioteam\/wp-content\/uploads\/2026\/02\/DSC7171-214x300.jpg\" alt=\"\" width=\"214\" height=\"300\" srcset=\"https:\/\/www.physioteam-sendling.de\/wp-physioteam\/wp-content\/uploads\/2026\/02\/DSC7171-214x300.jpg 214w, https:\/\/www.physioteam-sendling.de\/wp-physioteam\/wp-content\/uploads\/2026\/02\/DSC7171-731x1024.jpg 731w, https:\/\/www.physioteam-sendling.de\/wp-physioteam\/wp-content\/uploads\/2026\/02\/DSC7171-768x1075.jpg 768w, https:\/\/www.physioteam-sendling.de\/wp-physioteam\/wp-content\/uploads\/2026\/02\/DSC7171-1097x1536.jpg 1097w, https:\/\/www.physioteam-sendling.de\/wp-physioteam\/wp-content\/uploads\/2026\/02\/DSC7171-1463x2048.jpg 1463w, https:\/\/www.physioteam-sendling.de\/wp-physioteam\/wp-content\/uploads\/2026\/02\/DSC7171-scaled.jpg 1828w\" sizes=\"auto, (max-width: 214px) 100vw, 214px\" \/><\/p>\n<p>Tobias B\u00fccherl beendete 2006 seine Ausbildung zum Physiotherapeuten in Schwandorf und bildete sich im Laufe seiner T\u00e4tigkeit als freiberuflicher Physiotherapeut in Manueller Lymphdrainage, Manueller Therapie, KG-ZNS nach Bobath (Erwachsene) und Kiefergelenkstherapie weiter fort. Er hat an der International Academy of Osteopathy in M\u00fcnchen studiert und ist Mitglied im Verband Freier Osteopathen e.V. Er ist zudem sektoraler Heilpraktiker f\u00fcr Physiotherapie.<\/p>\n<h2>Patrizia Eder<\/h2>\n<p>&nbsp;<img loading=\"lazy\" decoding=\"async\" class=\"alignnone size-medium wp-image-622\" src=\"https:\/\/www.physioteam-sendling.de\/wp-physioteam\/wp-content\/uploads\/2026\/02\/DSC7157-214x300.jpg\" alt=\"\" width=\"214\" height=\"300\" srcset=\"https:\/\/www.physioteam-sendling.de\/wp-physioteam\/wp-content\/uploads\/2026\/02\/DSC7157-214x300.jpg 214w, https:\/\/www.physioteam-sendling.de\/wp-physioteam\/wp-content\/uploads\/2026\/02\/DSC7157-731x1024.jpg 731w, https:\/\/www.physioteam-sendling.de\/wp-physioteam\/wp-content\/uploads\/2026\/02\/DSC7157-768x1075.jpg 768w, https:\/\/www.physioteam-sendling.de\/wp-physioteam\/wp-content\/uploads\/2026\/02\/DSC7157-1097x1536.jpg 1097w, https:\/\/www.physioteam-sendling.de\/wp-physioteam\/wp-content\/uploads\/2026\/02\/DSC7157-1463x2048.jpg 1463w, https:\/\/www.physioteam-sendling.de\/wp-physioteam\/wp-content\/uploads\/2026\/02\/DSC7157-scaled.jpg 1829w\" sizes=\"auto, (max-width: 214px) 100vw, 214px\" \/><\/p>\n<p>Patrizia Eder absolvierte 2015 ihre Berufsausbildung zur Physiotherapeutin am Klinikum Gro\u00dfhadern in M\u00fcnchen.<br \/>\nZudem bildete sie sich in Manueller Lymphdrainage und CMD-Therapie weiter und hat&nbsp; die Fortbildung zur Physiotherapie bei chronischen Lungenerkrankungen und Mukoviszidose absolviert. Seit Oktober 2019 befindet sie sich in Ausbildung zur Osteopathin.<\/p>\n<h2 id=\"mia\">C\u00e9line Drechsler<\/h2>\n<p><img loading=\"lazy\" decoding=\"async\" class=\"alignnone size-medium wp-image-623\" src=\"https:\/\/www.physioteam-sendling.de\/wp-physioteam\/wp-content\/uploads\/2026\/02\/DSC7221-214x300.jpg\" alt=\"\" width=\"214\" height=\"300\" srcset=\"https:\/\/www.physioteam-sendling.de\/wp-physioteam\/wp-content\/uploads\/2026\/02\/DSC7221-214x300.jpg 214w, https:\/\/www.physioteam-sendling.de\/wp-physioteam\/wp-content\/uploads\/2026\/02\/DSC7221-731x1024.jpg 731w, https:\/\/www.physioteam-sendling.de\/wp-physioteam\/wp-content\/uploads\/2026\/02\/DSC7221-768x1075.jpg 768w, https:\/\/www.physioteam-sendling.de\/wp-physioteam\/wp-content\/uploads\/2026\/02\/DSC7221-1097x1536.jpg 1097w, https:\/\/www.physioteam-sendling.de\/wp-physioteam\/wp-content\/uploads\/2026\/02\/DSC7221-1463x2048.jpg 1463w, https:\/\/www.physioteam-sendling.de\/wp-physioteam\/wp-content\/uploads\/2026\/02\/DSC7221-scaled.jpg 1829w\" sizes=\"auto, (max-width: 214px) 100vw, 214px\" \/><\/p>\n<p>C\u00e9line Drechsler absolvierte 2011 ihre Berufsausbildung zur Physiotherapeutin. Im Laufe der Jahre bildete sie sich berufsbegleitend in Manueller Lymphdrainage, Fasziendistorsion, Beckenbodentraining nach Tanzberger, Atlastherapie und Kinesiotaping fort. Frau Drechsler hat sich zudem&nbsp; mittels mehrer Fortbildungen auf Handtherapie spezialisiert.<\/p>\n<h2 id=\"eva\">Lisa Barner\u00dfoi<\/h2>\n<p><img loading=\"lazy\" decoding=\"async\" class=\"alignnone  wp-image-635\" src=\"https:\/\/www.physioteam-sendling.de\/wp-physioteam\/wp-content\/uploads\/2026\/02\/ChatGPT-Image-9.-Feb.-2026-09_05_47-200x300.png\" alt=\"\" width=\"212\" height=\"318\" srcset=\"https:\/\/www.physioteam-sendling.de\/wp-physioteam\/wp-content\/uploads\/2026\/02\/ChatGPT-Image-9.-Feb.-2026-09_05_47-200x300.png 200w, https:\/\/www.physioteam-sendling.de\/wp-physioteam\/wp-content\/uploads\/2026\/02\/ChatGPT-Image-9.-Feb.-2026-09_05_47-683x1024.png 683w, https:\/\/www.physioteam-sendling.de\/wp-physioteam\/wp-content\/uploads\/2026\/02\/ChatGPT-Image-9.-Feb.-2026-09_05_47-768x1152.png 768w, https:\/\/www.physioteam-sendling.de\/wp-physioteam\/wp-content\/uploads\/2026\/02\/ChatGPT-Image-9.-Feb.-2026-09_05_47.png 1024w\" sizes=\"auto, (max-width: 212px) 100vw, 212px\" \/><\/p>\n<p>Lisa Barnber\u00dfoi absolvierte 2015 ihre Ausbildung zur Physiotherapeutin in M\u00fcnchen Gro\u00dfhadern und machte 2017 zus\u00e4tzlich eine Ausbildung zur Yogalehrerin. Im Laufe der letzten Jahre bildete sie sich berufsbegleitend in Manueller Lymphdrainage, Manueller Therapie, Kinesiotaping, Faszien- und Membrantechniken, CMD-Therapie und in der Behandlung des KISS-Syndroms weiter. Seit Oktober 2018 befindet sie sich in Ausbildung zur Osteopathin.<\/p>\n<h2 id=\"eva\">Eva Messer<\/h2>\n<p><img loading=\"lazy\" decoding=\"async\" class=\"alignnone size-medium wp-image-624\" src=\"https:\/\/www.physioteam-sendling.de\/wp-physioteam\/wp-content\/uploads\/2026\/02\/DSC7231-214x300.jpg\" alt=\"\" width=\"214\" height=\"300\" srcset=\"https:\/\/www.physioteam-sendling.de\/wp-physioteam\/wp-content\/uploads\/2026\/02\/DSC7231-214x300.jpg 214w, https:\/\/www.physioteam-sendling.de\/wp-physioteam\/wp-content\/uploads\/2026\/02\/DSC7231-731x1024.jpg 731w, https:\/\/www.physioteam-sendling.de\/wp-physioteam\/wp-content\/uploads\/2026\/02\/DSC7231-768x1075.jpg 768w, https:\/\/www.physioteam-sendling.de\/wp-physioteam\/wp-content\/uploads\/2026\/02\/DSC7231-1097x1536.jpg 1097w, https:\/\/www.physioteam-sendling.de\/wp-physioteam\/wp-content\/uploads\/2026\/02\/DSC7231-1463x2048.jpg 1463w, https:\/\/www.physioteam-sendling.de\/wp-physioteam\/wp-content\/uploads\/2026\/02\/DSC7231-scaled.jpg 1829w\" sizes=\"auto, (max-width: 214px) 100vw, 214px\" \/><\/p>\n<p>Eva Messer absolvierte 1998 ihre Ausbildung zur Physiotherapeutin in Schwandorf. Im Laufe der letzten Jahre bildete sie sich berufsbegleitend in Manueller Lymphdrainage, in Manueller Therapie,&nbsp; in Cranioscaraler Therapie, in Neuromuskul\u00e4rer Therapie, in Sportphysiotherapie sowie in Krankengymnastik am Ger\u00e4t , CMD-Therapie und als R\u00fcckenschullehrerin weiter.<\/p>\n<h2>Miriam Dudel<\/h2>\n<p><img loading=\"lazy\" decoding=\"async\" class=\"alignnone size-medium wp-image-625\" src=\"https:\/\/www.physioteam-sendling.de\/wp-physioteam\/wp-content\/uploads\/2026\/02\/DSC7039-214x300.jpg\" alt=\"\" width=\"214\" height=\"300\" srcset=\"https:\/\/www.physioteam-sendling.de\/wp-physioteam\/wp-content\/uploads\/2026\/02\/DSC7039-214x300.jpg 214w, https:\/\/www.physioteam-sendling.de\/wp-physioteam\/wp-content\/uploads\/2026\/02\/DSC7039-731x1024.jpg 731w, https:\/\/www.physioteam-sendling.de\/wp-physioteam\/wp-content\/uploads\/2026\/02\/DSC7039-768x1075.jpg 768w, https:\/\/www.physioteam-sendling.de\/wp-physioteam\/wp-content\/uploads\/2026\/02\/DSC7039-1097x1536.jpg 1097w, https:\/\/www.physioteam-sendling.de\/wp-physioteam\/wp-content\/uploads\/2026\/02\/DSC7039-1463x2048.jpg 1463w, https:\/\/www.physioteam-sendling.de\/wp-physioteam\/wp-content\/uploads\/2026\/02\/DSC7039-scaled.jpg 1828w\" sizes=\"auto, (max-width: 214px) 100vw, 214px\" \/><\/p>\n<p>Miriam Dudel absolvierte 2020 ihre Ausbildung zur Physiotherapeutin an der Medizinischen Akademie in M\u00fcnchen.&nbsp; Im Laufe der Jahre bildete sie sich berufsbegleitend in Manueller Lymphdrainage und Manueller Therapie fort. Aktuell macht sie eine Ausbildung zur Sportphysiotherapeutin.<\/p>\n<h2>Franziska Ritter<\/h2>\n<p><img loading=\"lazy\" decoding=\"async\" class=\"alignnone size-medium wp-image-626\" src=\"https:\/\/www.physioteam-sendling.de\/wp-physioteam\/wp-content\/uploads\/2026\/02\/DSC7087-214x300.jpg\" alt=\"\" width=\"214\" height=\"300\" srcset=\"https:\/\/www.physioteam-sendling.de\/wp-physioteam\/wp-content\/uploads\/2026\/02\/DSC7087-214x300.jpg 214w, https:\/\/www.physioteam-sendling.de\/wp-physioteam\/wp-content\/uploads\/2026\/02\/DSC7087-731x1024.jpg 731w, https:\/\/www.physioteam-sendling.de\/wp-physioteam\/wp-content\/uploads\/2026\/02\/DSC7087-768x1075.jpg 768w, https:\/\/www.physioteam-sendling.de\/wp-physioteam\/wp-content\/uploads\/2026\/02\/DSC7087-1097x1536.jpg 1097w, https:\/\/www.physioteam-sendling.de\/wp-physioteam\/wp-content\/uploads\/2026\/02\/DSC7087-1463x2048.jpg 1463w, https:\/\/www.physioteam-sendling.de\/wp-physioteam\/wp-content\/uploads\/2026\/02\/DSC7087-scaled.jpg 1828w\" sizes=\"auto, (max-width: 214px) 100vw, 214px\" \/><\/p>\n<p>Franziska Ritter absolvierte 2020 ihre staatliche Pr\u00fcfung zur Physiotherapeutin und beendete ihren Bachelor (B. Sc.) in Physiotherapie im Februar 2022 an der Hochschule Furtwangen. Sie hat sich zudem berufsbegleitend in Manueller Therapie fortgebildet. Sie ist sektorale Heilpraktikerin f\u00fcr Physiotherapie und ausgebildete Sportphysiotherapeutin.<\/p>\n<h2>Dorothea M\u00fcller<\/h2>\n<p><img loading=\"lazy\" decoding=\"async\" class=\"alignnone size-medium wp-image-638\" src=\"https:\/\/www.physioteam-sendling.de\/wp-physioteam\/wp-content\/uploads\/2026\/02\/ChatGPT-Image-9.-Feb.-2026-09_28_23-200x300.png\" alt=\"\" width=\"200\" height=\"300\" srcset=\"https:\/\/www.physioteam-sendling.de\/wp-physioteam\/wp-content\/uploads\/2026\/02\/ChatGPT-Image-9.-Feb.-2026-09_28_23-200x300.png 200w, https:\/\/www.physioteam-sendling.de\/wp-physioteam\/wp-content\/uploads\/2026\/02\/ChatGPT-Image-9.-Feb.-2026-09_28_23-683x1024.png 683w, https:\/\/www.physioteam-sendling.de\/wp-physioteam\/wp-content\/uploads\/2026\/02\/ChatGPT-Image-9.-Feb.-2026-09_28_23-768x1152.png 768w, https:\/\/www.physioteam-sendling.de\/wp-physioteam\/wp-content\/uploads\/2026\/02\/ChatGPT-Image-9.-Feb.-2026-09_28_23.png 1024w\" sizes=\"auto, (max-width: 200px) 100vw, 200px\" \/><\/p>\n<p>Dorothea M\u00fcller absolvierte ihre Berufsausbildung zur Physiotherapeutin 2021 in Wasserburg am Inn. Das integrierte Bachelorstudium an der TH Rosenheim hat sie im Juli 2022 mit dem Bachelor of Science in Physiotherapie abgeschlossen und macht aktuell ihren Master. Zudem hat sie sich in Manueller Therapie fortgebildet.<\/p>\n<h2>Katharina Schmischke<\/h2>\n<p><img loading=\"lazy\" decoding=\"async\" class=\"alignnone size-medium wp-image-627\" src=\"https:\/\/www.physioteam-sendling.de\/wp-physioteam\/wp-content\/uploads\/2026\/02\/DSC6994-214x300.jpg\" alt=\"\" width=\"214\" height=\"300\" srcset=\"https:\/\/www.physioteam-sendling.de\/wp-physioteam\/wp-content\/uploads\/2026\/02\/DSC6994-214x300.jpg 214w, https:\/\/www.physioteam-sendling.de\/wp-physioteam\/wp-content\/uploads\/2026\/02\/DSC6994-731x1024.jpg 731w, https:\/\/www.physioteam-sendling.de\/wp-physioteam\/wp-content\/uploads\/2026\/02\/DSC6994-768x1075.jpg 768w, https:\/\/www.physioteam-sendling.de\/wp-physioteam\/wp-content\/uploads\/2026\/02\/DSC6994-1097x1536.jpg 1097w, https:\/\/www.physioteam-sendling.de\/wp-physioteam\/wp-content\/uploads\/2026\/02\/DSC6994-1463x2048.jpg 1463w, https:\/\/www.physioteam-sendling.de\/wp-physioteam\/wp-content\/uploads\/2026\/02\/DSC6994-scaled.jpg 1829w\" sizes=\"auto, (max-width: 214px) 100vw, 214px\" \/><\/p>\n<p>Katharina Schmischke absolvierte ihre Berufsausbildung zur Physiotherapeutin 2017 in M\u00fcnchen. Im Laufe der letzten Jahre bildete sie sich berufsbegleitend in Manueller Lymphdrainage und Manueller Therapie weiter. Seit Oktober 2019 befindet sie sich in Ausbildung zur Osteopathin.<\/p>\n<h2>Lena B\u00fchler&nbsp;<\/h2>\n<p>Lena B\u00fchler absolvierte 2020 ihre staatliche Pr\u00fcfung zur Physiotherapeutin, 2022 ihren Bachelor in Physiotherapie (B. Sc.)&nbsp; und 2025 ihren Master in angewandter Versorgungsforschung (M. Sc.). Berufsbegleitend hat sie sich in Manueller Therapie und Krankengymnastik am Ger\u00e4t fortgebildet und ist sektorale Heilpraktikerin f\u00fcr Physiotherapie. Sie ist spezialisiert auf die Beckenbodenphysiotherapie. Hier absolvierte sie verschiedene Fortbildungen bei der AG GGUP (Arbeitsgemeinschaft Gyn\u00e4kologie, Geburtshilfe, Urologie und Proktologie) und weiteren Instituten zu den Themen Beckenbodendysfunktionen, Endometriose, Physiotherapie w\u00e4hrend und nach Schwangerschaft und weiteren.<\/p>\n<h2>Florina Ansprenger<\/h2>\n<p><img loading=\"lazy\" decoding=\"async\" class=\"alignnone size-medium wp-image-693\" src=\"https:\/\/www.physioteam-sendling.de\/wp-physioteam\/wp-content\/uploads\/2026\/03\/DSC7126-214x300.jpg\" alt=\"\" width=\"214\" height=\"300\" srcset=\"https:\/\/www.physioteam-sendling.de\/wp-physioteam\/wp-content\/uploads\/2026\/03\/DSC7126-214x300.jpg 214w, https:\/\/www.physioteam-sendling.de\/wp-physioteam\/wp-content\/uploads\/2026\/03\/DSC7126-731x1024.jpg 731w, https:\/\/www.physioteam-sendling.de\/wp-physioteam\/wp-content\/uploads\/2026\/03\/DSC7126-768x1075.jpg 768w, https:\/\/www.physioteam-sendling.de\/wp-physioteam\/wp-content\/uploads\/2026\/03\/DSC7126-1097x1536.jpg 1097w, https:\/\/www.physioteam-sendling.de\/wp-physioteam\/wp-content\/uploads\/2026\/03\/DSC7126-1463x2048.jpg 1463w, https:\/\/www.physioteam-sendling.de\/wp-physioteam\/wp-content\/uploads\/2026\/03\/DSC7126-scaled.jpg 1828w\" sizes=\"auto, (max-width: 214px) 100vw, 214px\" \/><\/p>\n<p>Florina Ansprenger absolvierte ihre Ausbildung zur Physiotherapeutin&nbsp; 2008 in Osnabr\u00fcck. Anschlie\u00dfend schloss sie das berufsbegleitende Studium &#8222;Bachelor of science in physiotherapy&#8220; 2010 an der Fachhochschule Osnabr\u00fcck erfolgreich ab. W\u00e4hrend 10 Jahren Berufserfahrung in der Schweiz bildete sich u.a. in Manueller Lymphdrainage, Manueller Therapie nach Maitland, CMD-Therapie, Kinesio-Taping und als Pilates-Instruktorin weiter.<\/p>\n<h2>Lena Bluthardt<\/h2>\n<p><img loading=\"lazy\" decoding=\"async\" class=\"alignnone size-medium wp-image-628\" src=\"https:\/\/www.physioteam-sendling.de\/wp-physioteam\/wp-content\/uploads\/2026\/02\/DSC6964-214x300.jpg\" alt=\"\" width=\"214\" height=\"300\" srcset=\"https:\/\/www.physioteam-sendling.de\/wp-physioteam\/wp-content\/uploads\/2026\/02\/DSC6964-214x300.jpg 214w, https:\/\/www.physioteam-sendling.de\/wp-physioteam\/wp-content\/uploads\/2026\/02\/DSC6964-731x1024.jpg 731w, https:\/\/www.physioteam-sendling.de\/wp-physioteam\/wp-content\/uploads\/2026\/02\/DSC6964-768x1075.jpg 768w, https:\/\/www.physioteam-sendling.de\/wp-physioteam\/wp-content\/uploads\/2026\/02\/DSC6964-1097x1536.jpg 1097w, https:\/\/www.physioteam-sendling.de\/wp-physioteam\/wp-content\/uploads\/2026\/02\/DSC6964-1463x2048.jpg 1463w, https:\/\/www.physioteam-sendling.de\/wp-physioteam\/wp-content\/uploads\/2026\/02\/DSC6964-scaled.jpg 1828w\" sizes=\"auto, (max-width: 214px) 100vw, 214px\" \/><\/p>\n<p>Lena Bluthardt absolvierte 2020 ihre staatliche Pr\u00fcfung zur Physiotherapeutin und 2021 ihren Bachelor in Physiotherapie (B. Sc.) an der Hochschule Furtwangen. Berufsbegleitend hat sie sich in Manueller Lymphdrainage, Manueller Therapie und Krankengymnastik am Ger\u00e4t fortgebildet. Sie ist spezialisiert auf die Beckenbodenphysiotherapie. Hier absolvierte sie verschiedene Fortbildungen bei der AG GGUP (Arbeitsgemeinschaft Gyn\u00e4kologie, Geburtshilfe, Urologie und Proktologie) und weiteren Instituten zu den Themen Beckenbodendysfunktionen, Endometriose, Physiotherapie w\u00e4hrend und nach Schwangerschaft und weiteren.<\/p>\n<h2>Nikolai Marcinowski<\/h2>\n<p><img loading=\"lazy\" decoding=\"async\" class=\"alignnone size-medium wp-image-633\" src=\"https:\/\/www.physioteam-sendling.de\/wp-physioteam\/wp-content\/uploads\/2026\/02\/DSC7259-214x300.jpg\" alt=\"\" width=\"214\" height=\"300\" srcset=\"https:\/\/www.physioteam-sendling.de\/wp-physioteam\/wp-content\/uploads\/2026\/02\/DSC7259-214x300.jpg 214w, https:\/\/www.physioteam-sendling.de\/wp-physioteam\/wp-content\/uploads\/2026\/02\/DSC7259-731x1024.jpg 731w, https:\/\/www.physioteam-sendling.de\/wp-physioteam\/wp-content\/uploads\/2026\/02\/DSC7259-768x1075.jpg 768w, https:\/\/www.physioteam-sendling.de\/wp-physioteam\/wp-content\/uploads\/2026\/02\/DSC7259-1097x1536.jpg 1097w, https:\/\/www.physioteam-sendling.de\/wp-physioteam\/wp-content\/uploads\/2026\/02\/DSC7259-1463x2048.jpg 1463w, https:\/\/www.physioteam-sendling.de\/wp-physioteam\/wp-content\/uploads\/2026\/02\/DSC7259-scaled.jpg 1828w\" sizes=\"auto, (max-width: 214px) 100vw, 214px\" \/><\/p>\n<p>Nikolai Marcinowski absolvierte 2024 seine Ausbildung zum Physiotherapeuten an den Wannseeschulen f\u00fcr Gesundheitsberufe in Berlin. Ebenfalls im Jahr 2024 bildete er sich in Manueller Lymphdrainage fort. Aktuell befindet er sich in Ausbildung zum Manualtherapeuten am Institut f\u00fcr angewandte manuelle Therapie (IFAMT).<\/p>\n<h2>Die Rezeption<\/h2>\n<p><img loading=\"lazy\" decoding=\"async\" class=\"alignnone size-medium wp-image-640\" src=\"https:\/\/www.physioteam-sendling.de\/wp-physioteam\/wp-content\/uploads\/2026\/02\/ChatGPT-Image-9.-Feb.-2026-11_15_05-239x300.png\" alt=\"\" width=\"239\" height=\"300\" srcset=\"https:\/\/www.physioteam-sendling.de\/wp-physioteam\/wp-content\/uploads\/2026\/02\/ChatGPT-Image-9.-Feb.-2026-11_15_05-239x300.png 239w, https:\/\/www.physioteam-sendling.de\/wp-physioteam\/wp-content\/uploads\/2026\/02\/ChatGPT-Image-9.-Feb.-2026-11_15_05-814x1024.png 814w, https:\/\/www.physioteam-sendling.de\/wp-physioteam\/wp-content\/uploads\/2026\/02\/ChatGPT-Image-9.-Feb.-2026-11_15_05-768x966.png 768w, https:\/\/www.physioteam-sendling.de\/wp-physioteam\/wp-content\/uploads\/2026\/02\/ChatGPT-Image-9.-Feb.-2026-11_15_05.png 1024w\" sizes=\"auto, (max-width: 239px) 100vw, 239px\" \/><img loading=\"lazy\" decoding=\"async\" class=\"alignnone size-medium wp-image-642\" src=\"https:\/\/www.physioteam-sendling.de\/wp-physioteam\/wp-content\/uploads\/2026\/02\/ChatGPT-Image-10.-Feb.-2026-14_37_20-254x300.png\" alt=\"\" width=\"254\" height=\"300\" srcset=\"https:\/\/www.physioteam-sendling.de\/wp-physioteam\/wp-content\/uploads\/2026\/02\/ChatGPT-Image-10.-Feb.-2026-14_37_20-254x300.png 254w, https:\/\/www.physioteam-sendling.de\/wp-physioteam\/wp-content\/uploads\/2026\/02\/ChatGPT-Image-10.-Feb.-2026-14_37_20-867x1024.png 867w, https:\/\/www.physioteam-sendling.de\/wp-physioteam\/wp-content\/uploads\/2026\/02\/ChatGPT-Image-10.-Feb.-2026-14_37_20-768x907.png 768w, https:\/\/www.physioteam-sendling.de\/wp-physioteam\/wp-content\/uploads\/2026\/02\/ChatGPT-Image-10.-Feb.-2026-14_37_20.png 1024w\" sizes=\"auto, (max-width: 254px) 100vw, 254px\" \/><\/p>\n<p>Frau Brigitte Reintjes und Frau Fereshta W. erg\u00e4nzen das Team mit ihren organisatorischen F\u00e4higkeiten als Rezeptionskr\u00e4fte.<\/p>\n","protected":false},"excerpt":{"rendered":"<p>Eva und Tobias gr\u00fcndeten die Praxis im Jahr 2011. Seitdem hat sich das Team stetig vergr\u00f6\u00dfert. Aktuell arbeiten 13 Therapeuten mit einem breitem Fortbildungswissen in der Praxis. Eva Fuchs Eva Fuchs absolvierte 2007 ihre Ausbildung zur Physiotherapeutin in M\u00fcnchen Gro\u00dfhadern und arbeitete als fachliche Leitung in einer Physiotherapiepraxis. Im Oktober 2011 schloss sie nach der &hellip; <\/p>\n<p class=\"link-more\"><a href=\"https:\/\/www.physioteam-sendling.de\/?page_id=43\" class=\"more-link\"><span class=\"screen-reader-text\">\u201eDas Team\u201c <\/span>weiterlesen<\/a><\/p>\n","protected":false},"author":1,"featured_media":0,"parent":0,"menu_order":0,"comment_status":"closed","ping_status":"closed","template":"","meta":{"ngg_post_thumbnail":0,"footnotes":""},"class_list":["post-43","page","type-page","status-publish","hentry"],"_links":{"self":[{"href":"https:\/\/www.physioteam-sendling.de\/index.php?rest_route=\/wp\/v2\/pages\/43","targetHints":{"allow":["GET"]}}],"collection":[{"href":"https:\/\/www.physioteam-sendling.de\/index.php?rest_route=\/wp\/v2\/pages"}],"about":[{"href":"https:\/\/www.physioteam-sendling.de\/index.php?rest_route=\/wp\/v2\/types\/page"}],"author":[{"embeddable":true,"href":"https:\/\/www.physioteam-sendling.de\/index.php?rest_route=\/wp\/v2\/users\/1"}],"replies":[{"embeddable":true,"href":"https:\/\/www.physioteam-sendling.de\/index.php?rest_route=%2Fwp%2Fv2%2Fcomments&post=43"}],"version-history":[{"count":55,"href":"https:\/\/www.physioteam-sendling.de\/index.php?rest_route=\/wp\/v2\/pages\/43\/revisions"}],"predecessor-version":[{"id":694,"href":"https:\/\/www.physioteam-sendling.de\/index.php?rest_route=\/wp\/v2\/pages\/43\/revisions\/694"}],"wp:attachment":[{"href":"https:\/\/www.physioteam-sendling.de\/index.php?rest_route=%2Fwp%2Fv2%2Fmedia&parent=43"}],"curies":[{"name":"wp","href":"https:\/\/api.w.org\/{rel}","templated":true}]}}