{"id":221,"date":"2018-05-20T16:50:06","date_gmt":"2018-05-20T14:50:06","guid":{"rendered":"http:\/\/www.physioteam-sendling.de\/wp-physioteam\/?page_id=221"},"modified":"2026-03-04T12:26:55","modified_gmt":"2026-03-04T11:26:55","slug":"datenschutzerklaerung","status":"publish","type":"page","link":"https:\/\/www.physioteam-sendling.de\/?page_id=221","title":{"rendered":"Datenschutz\/Impressum"},"content":{"rendered":"<h3 class=\"p1\">Datenschutz:<\/h3>\n<p class=\"p1\">Sofern innerhalb des Internetangebotes die M\u00f6glichkeit zur Eingabe pers\u00f6nlicher oder gesch\u00e4ftlicher Daten (Emailadressen, Namen, Anschriften) besteht, so erfolgt die Preisgabe dieser Daten seitens des Nutzers auf ausdr\u00fccklich freiwilliger Basis. Die Inanspruchnahme und Bezahlung aller angebotenen Dienste ist \u2013 soweit technisch m\u00f6glich und zumutbar \u2013 auch ohne Angabe solcher Daten bzw. unter Angabe anonymisierter Daten oder eines Pseudonyms gestattet.<\/p>\n<p class=\"p1\">Die Nutzung der im Rahmen des Impressums oder vergleichbarer Angaben ver\u00f6ffentlichten Kontaktdaten wie Postanschriften, Telefon- und Faxnummern sowie Emailadressen durch Dritte zur \u00dcbersendung von nicht ausdr\u00fccklich angeforderten Informationen ist nicht gestattet. Rechtliche Schritte gegen die Versender von sogenannten Spam-Mails bei Verst\u00f6\u00dfen gegen dieses Verbot sind ausdr\u00fccklich vorbehalten.<\/p>\n<p class=\"p1\">Wir, Physioteam Sendling, nehmen den Schutz Ihrer pers\u00f6nlichen Daten sehr ernst und halten uns strikt an die Regeln der Datenschutzgesetze. Personenbezogene Daten werden auf dieser Webseite nur im technisch notwendigen Umfang erhoben. In keinem Fall werden die erhobenen Daten verkauft oder aus anderen Gr\u00fcnden an Dritte weitergegeben.<\/p>\n<p class=\"p1\">Die nachfolgende Erkl\u00e4rung gibt Ihnen einen \u00dcberblick dar\u00fcber, wie wir diesen Schutz gew\u00e4hrleisten und welche Art von Daten zu welchem Zweck erhoben werden.<\/p>\n<h3 class=\"p1\">Datenverarbeitung auf dieser Internetseite:<\/h3>\n<p class=\"p1\">Physioteam Sendling erhebt und speichert automatisch in ihrem Server-LogFiles Informationen, die Ihr Browser an uns \u00fcbermittelt. Dies sind:<\/p>\n<ul>\n<li class=\"p1\">Browsertyp\/ -version<\/li>\n<li class=\"p1\">verwendetes Betriebssystem<\/li>\n<li class=\"p1\">Referrer URL (die zuvor besuchte Seite)<\/li>\n<li class=\"p1\">Hostname des zugreifenden Rechners (IP Adresse)<\/li>\n<li class=\"p1\">Uhrzeit der Serveranfrage<\/li>\n<\/ul>\n<p class=\"p1\">Diese Daten sind f\u00fcr Physioteam Sendling bestimmten Personen nicht zuordenbar. Eine Zusammenf\u00fchrung dieser Daten mit anderen Datenquellen wird nicht vorgenommen, die Daten werden zudem nach einer statistischen Auswertung gel\u00f6scht.<\/p>\n<h3 class=\"p1\">Cookies:<\/h3>\n<p class=\"p1\">Die Internetseiten verwenden ggf. an mehreren Stellen so genannte Cookies. Sie dienen dazu, unser Angebot nutzerfreundlicher, effektiver und sicherer zu machen. Cookies sind kleine Textdateien, die auf Ihrem Rechner abgelegt werden und die Ihr Browser speichert. Die meisten der von uns verwendeten Cookies sind so genannte \u201cSession-Cookies\u201d. Sie werden nach Ende Ihres Besuchs automatisch gel\u00f6scht. Cookies richten auf Ihrem Rechner keinen Schaden an und enthalten keine Viren.<\/p>\n<h3 class=\"p1\">Auskunftsrecht:<\/h3>\n<p class=\"p1\">Sie haben jederzeit das Recht auf Auskunft \u00fcber die bez\u00fcglich Ihrer Person gespeicherten Daten, deren Herkunft und Empf\u00e4nger sowie den Zweck der Datenverarbeitung. Auskunft \u00fcber die gespeicherten Daten gibt der Datenschutzbeauftragte von Physioteam Sendling.<\/p>\n<h3 class=\"p1\">Weitere Informationen:<\/h3>\n<p class=\"p1\">Ihr Vertrauen ist uns wichtig. Daher m\u00f6chten wir Ihnen jederzeit Rede und Antwort bez\u00fcglich der Verarbeitung Ihrer personenbezogenen Daten stehen. Wenn Sie Fragen haben, die Ihnen diese Datenschutzerkl\u00e4rung nicht beantworten konnte oder wenn Sie zu einem Punkt vertiefte Informationen w\u00fcnschen, wenden Sie sich bitte jederzeit an den Datenschutzbeauftragten von Physioteam Sendling .<\/p>\n<p class=\"p1\">Die offene Weitergabe Ihrer Daten in unseren Internetformularen ist freiwillig und nicht sicher, d.h. diese Daten k\u00f6nnten von Dritten mit b\u00f6swilliger Absicht ggf. eingesehen werden.<\/p>\n<p class=\"p1\">Als weitere M\u00f6glichkeiten der Kontaktaufnahme mit uns stehen Ihnen der Postweg und die Kontaktaufnahme per Fax zur Verf\u00fcgung.<\/p>\n<p>&nbsp;<\/p>\n<h1>Impressum<\/h1>\n<h2>Firmenname<\/h2>\n<p>PhysioTeam Sendling &#8211; B\u00fccherl &amp; Fuchs GbR<\/p>\n<h2>Adresse<\/h2>\n<p>Plinganserstr. 45<br \/>\n81369 M\u00fcnchen<\/p>\n<h2>Kontakt<\/h2>\n<table>\n<tbody>\n<tr>\n<td>Telefon:<\/td>\n<td>+49 (0)89 &#8211; 88 56 22 56<\/td>\n<\/tr>\n<tr>\n<td>Fax:<\/td>\n<td>+49 (0)89 &#8211; 88 56 22 57<\/td>\n<\/tr>\n<tr>\n<td>Email:<\/td>\n<td><a href=\"mailto:info@physioteam-sendling.de\">info@physioteam-sendling.de<\/a><\/td>\n<\/tr>\n<tr>\n<td>&nbsp;<\/td>\n<td>&nbsp;<\/td>\n<\/tr>\n<\/tbody>\n<\/table>\n","protected":false},"excerpt":{"rendered":"<p>Datenschutz: Sofern innerhalb des Internetangebotes die M\u00f6glichkeit zur Eingabe pers\u00f6nlicher oder gesch\u00e4ftlicher Daten (Emailadressen, Namen, Anschriften) besteht, so erfolgt die Preisgabe dieser Daten seitens des Nutzers auf ausdr\u00fccklich freiwilliger Basis. Die Inanspruchnahme und Bezahlung aller angebotenen Dienste ist \u2013 soweit technisch m\u00f6glich und zumutbar \u2013 auch ohne Angabe solcher Daten bzw. unter Angabe anonymisierter Daten &hellip; <\/p>\n<p class=\"link-more\"><a href=\"https:\/\/www.physioteam-sendling.de\/?page_id=221\" class=\"more-link\"><span class=\"screen-reader-text\">\u201eDatenschutz\/Impressum\u201c <\/span>weiterlesen<\/a><\/p>\n","protected":false},"author":1,"featured_media":0,"parent":0,"menu_order":0,"comment_status":"closed","ping_status":"closed","template":"","meta":{"ngg_post_thumbnail":0,"footnotes":""},"class_list":["post-221","page","type-page","status-publish","hentry"],"_links":{"self":[{"href":"https:\/\/www.physioteam-sendling.de\/index.php?rest_route=\/wp\/v2\/pages\/221","targetHints":{"allow":["GET"]}}],"collection":[{"href":"https:\/\/www.physioteam-sendling.de\/index.php?rest_route=\/wp\/v2\/pages"}],"about":[{"href":"https:\/\/www.physioteam-sendling.de\/index.php?rest_route=\/wp\/v2\/types\/page"}],"author":[{"embeddable":true,"href":"https:\/\/www.physioteam-sendling.de\/index.php?rest_route=\/wp\/v2\/users\/1"}],"replies":[{"embeddable":true,"href":"https:\/\/www.physioteam-sendling.de\/index.php?rest_route=%2Fwp%2Fv2%2Fcomments&post=221"}],"version-history":[{"count":12,"href":"https:\/\/www.physioteam-sendling.de\/index.php?rest_route=\/wp\/v2\/pages\/221\/revisions"}],"predecessor-version":[{"id":695,"href":"https:\/\/www.physioteam-sendling.de\/index.php?rest_route=\/wp\/v2\/pages\/221\/revisions\/695"}],"wp:attachment":[{"href":"https:\/\/www.physioteam-sendling.de\/index.php?rest_route=%2Fwp%2Fv2%2Fmedia&parent=221"}],"curies":[{"name":"wp","href":"https:\/\/api.w.org\/{rel}","templated":true}]}}