{"id":194,"date":"2018-04-15T10:26:27","date_gmt":"2018-04-15T08:26:27","guid":{"rendered":"http:\/\/www.physioteam-sendling.de\/wp-physioteam\/?page_id=194"},"modified":"2018-04-15T10:26:27","modified_gmt":"2018-04-15T08:26:27","slug":"hausbesuche","status":"publish","type":"page","link":"https:\/\/www.physioteam-sendling.de\/?page_id=194","title":{"rendered":"Hausbesuche"},"content":{"rendered":"<p>Pflegebed\u00fcrftige, bettl\u00e4gerige und gehbehinderte Menschen ben\u00f6tigen h\u00e4ufig intensive physiotherapeutische Betreuung. Durch ihr k\u00f6rperliches Handicap ist es ihnen aber nicht m\u00f6glich in die Praxis zu kommen. Diese Patienten werden von uns zu Hause oder im Heim behandelt.<\/p>\n","protected":false},"excerpt":{"rendered":"<p>Pflegebed\u00fcrftige, bettl\u00e4gerige und gehbehinderte Menschen ben\u00f6tigen h\u00e4ufig intensive physiotherapeutische Betreuung. Durch ihr k\u00f6rperliches Handicap ist es ihnen aber nicht m\u00f6glich in die Praxis zu kommen. Diese Patienten werden von uns zu Hause oder im Heim behandelt.<\/p>\n","protected":false},"author":1,"featured_media":0,"parent":0,"menu_order":0,"comment_status":"closed","ping_status":"closed","template":"","meta":{"ngg_post_thumbnail":0,"footnotes":""},"class_list":["post-194","page","type-page","status-publish","hentry"],"_links":{"self":[{"href":"https:\/\/www.physioteam-sendling.de\/index.php?rest_route=\/wp\/v2\/pages\/194","targetHints":{"allow":["GET"]}}],"collection":[{"href":"https:\/\/www.physioteam-sendling.de\/index.php?rest_route=\/wp\/v2\/pages"}],"about":[{"href":"https:\/\/www.physioteam-sendling.de\/index.php?rest_route=\/wp\/v2\/types\/page"}],"author":[{"embeddable":true,"href":"https:\/\/www.physioteam-sendling.de\/index.php?rest_route=\/wp\/v2\/users\/1"}],"replies":[{"embeddable":true,"href":"https:\/\/www.physioteam-sendling.de\/index.php?rest_route=%2Fwp%2Fv2%2Fcomments&post=194"}],"version-history":[{"count":1,"href":"https:\/\/www.physioteam-sendling.de\/index.php?rest_route=\/wp\/v2\/pages\/194\/revisions"}],"predecessor-version":[{"id":195,"href":"https:\/\/www.physioteam-sendling.de\/index.php?rest_route=\/wp\/v2\/pages\/194\/revisions\/195"}],"wp:attachment":[{"href":"https:\/\/www.physioteam-sendling.de\/index.php?rest_route=%2Fwp%2Fv2%2Fmedia&parent=194"}],"curies":[{"name":"wp","href":"https:\/\/api.w.org\/{rel}","templated":true}]}}