{"id":190,"date":"2018-04-15T10:26:06","date_gmt":"2018-04-15T08:26:06","guid":{"rendered":"http:\/\/www.physioteam-sendling.de\/wp-physioteam\/?page_id=190"},"modified":"2018-04-15T10:26:06","modified_gmt":"2018-04-15T08:26:06","slug":"thermische-anwendungen","status":"publish","type":"page","link":"https:\/\/www.physioteam-sendling.de\/?page_id=190","title":{"rendered":"Thermische Anwendungen"},"content":{"rendered":"<div class=\"ui-accordion-content ui-helper-reset ui-widget-content ui-corner-bottom ui-accordion-content-active\" role=\"tabpanel\">\n<h4>Kryotherapie<\/h4>\n<p>Bei der Kryotherapie wird K\u00e4lte gezielt eingesetzt. Eine Form der Kryotherapie sind Eisauflagen zur lokalen Unterk\u00fchlung des Gewebes. Eisanwendungen werden meistens im Verbindung mit Krankengymnastik verordnet. Sie dienen zur Schmerzlinderung und schr\u00e4nken die Nervenleitgeschwindigkeit ein.<\/p>\n<h4>Fango<\/h4>\n<p>Fango ist ein Mineralschlamm vulkanischen Ursprungs. Sterile Einweg-Moorpackungen werden mittels eines W\u00e4rmetr\u00e4gers erhitzt und auf die Haut des Patienten appliziert. Diese W\u00e4rmtherapie wirkt durchblutungsf\u00f6rdernd, regt den Stoffwechsel an und entspannt die Muskulatur. Dabei lindert sie Schmerzen und st\u00e4rkt das Immunsystem. Fango kommt vermehrt bei Verspannungen und Verh\u00e4rtungen des Bewegungsapparates zur Anwendung.<\/p>\n<h4>Hei\u00dfluft<\/h4>\n<p>Bei der Hei\u00dfluft handelt es sich um eine W\u00e4rmtherapie mittels Rotlichtstrahler. Die betroffenen K\u00f6rperabschnitte werden mittels W\u00e4rmelampe erw\u00e4rmt. Diese W\u00e4rmtherapie wirkt durchblutungsf\u00f6rdernd, regt den Stoffwechsel an und entspannt die Muskulatur. Dabei lindert sie Schmerzen und st\u00e4rkt das Immunsystem. Hei\u00dfluft kommt vermehrt bei Verspannungen und Verh\u00e4rtungen des Bewegungsapparates zur Anwendung.<\/p>\n<\/div>\n","protected":false},"excerpt":{"rendered":"<p>Kryotherapie Bei der Kryotherapie wird K\u00e4lte gezielt eingesetzt. Eine Form der Kryotherapie sind Eisauflagen zur lokalen Unterk\u00fchlung des Gewebes. Eisanwendungen werden meistens im Verbindung mit Krankengymnastik verordnet. Sie dienen zur Schmerzlinderung und schr\u00e4nken die Nervenleitgeschwindigkeit ein. Fango Fango ist ein Mineralschlamm vulkanischen Ursprungs. Sterile Einweg-Moorpackungen werden mittels eines W\u00e4rmetr\u00e4gers erhitzt und auf die Haut des &hellip; <\/p>\n<p class=\"link-more\"><a href=\"https:\/\/www.physioteam-sendling.de\/?page_id=190\" class=\"more-link\"><span class=\"screen-reader-text\">\u201eThermische Anwendungen\u201c <\/span>weiterlesen<\/a><\/p>\n","protected":false},"author":1,"featured_media":0,"parent":0,"menu_order":0,"comment_status":"closed","ping_status":"closed","template":"","meta":{"ngg_post_thumbnail":0,"footnotes":""},"class_list":["post-190","page","type-page","status-publish","hentry"],"_links":{"self":[{"href":"https:\/\/www.physioteam-sendling.de\/index.php?rest_route=\/wp\/v2\/pages\/190","targetHints":{"allow":["GET"]}}],"collection":[{"href":"https:\/\/www.physioteam-sendling.de\/index.php?rest_route=\/wp\/v2\/pages"}],"about":[{"href":"https:\/\/www.physioteam-sendling.de\/index.php?rest_route=\/wp\/v2\/types\/page"}],"author":[{"embeddable":true,"href":"https:\/\/www.physioteam-sendling.de\/index.php?rest_route=\/wp\/v2\/users\/1"}],"replies":[{"embeddable":true,"href":"https:\/\/www.physioteam-sendling.de\/index.php?rest_route=%2Fwp%2Fv2%2Fcomments&post=190"}],"version-history":[{"count":1,"href":"https:\/\/www.physioteam-sendling.de\/index.php?rest_route=\/wp\/v2\/pages\/190\/revisions"}],"predecessor-version":[{"id":191,"href":"https:\/\/www.physioteam-sendling.de\/index.php?rest_route=\/wp\/v2\/pages\/190\/revisions\/191"}],"wp:attachment":[{"href":"https:\/\/www.physioteam-sendling.de\/index.php?rest_route=%2Fwp%2Fv2%2Fmedia&parent=190"}],"curies":[{"name":"wp","href":"https:\/\/api.w.org\/{rel}","templated":true}]}}