{"id":188,"date":"2018-04-15T10:25:51","date_gmt":"2018-04-15T08:25:51","guid":{"rendered":"http:\/\/www.physioteam-sendling.de\/wp-physioteam\/?page_id=188"},"modified":"2018-04-15T10:25:51","modified_gmt":"2018-04-15T08:25:51","slug":"elektrotherapie","status":"publish","type":"page","link":"https:\/\/www.physioteam-sendling.de\/?page_id=188","title":{"rendered":"Elektrotherapie"},"content":{"rendered":"<p>Elektrotherapie ist die therapeutische Anwendung von Gleich- und Wechselstrom, der den K\u00f6rper durchfliest. Der Strom wird mittels Elektroden auf der Haut appliziert oder auch mittels Ultraschallkopf \u00fcber ein Kontaktgel. Die vielf\u00e4ltigen Anwendungsm\u00f6glichkeiten von Strom k\u00f6nnen unter anderem dazu dienen, Schmerzen zu lindern, Muskel zu lockern und die Durchblutung zu f\u00f6rdern.<\/p>\n","protected":false},"excerpt":{"rendered":"<p>Elektrotherapie ist die therapeutische Anwendung von Gleich- und Wechselstrom, der den K\u00f6rper durchfliest. Der Strom wird mittels Elektroden auf der Haut appliziert oder auch mittels Ultraschallkopf \u00fcber ein Kontaktgel. Die vielf\u00e4ltigen Anwendungsm\u00f6glichkeiten von Strom k\u00f6nnen unter anderem dazu dienen, Schmerzen zu lindern, Muskel zu lockern und die Durchblutung zu f\u00f6rdern.<\/p>\n","protected":false},"author":1,"featured_media":0,"parent":0,"menu_order":0,"comment_status":"closed","ping_status":"closed","template":"","meta":{"ngg_post_thumbnail":0,"footnotes":""},"class_list":["post-188","page","type-page","status-publish","hentry"],"_links":{"self":[{"href":"https:\/\/www.physioteam-sendling.de\/index.php?rest_route=\/wp\/v2\/pages\/188","targetHints":{"allow":["GET"]}}],"collection":[{"href":"https:\/\/www.physioteam-sendling.de\/index.php?rest_route=\/wp\/v2\/pages"}],"about":[{"href":"https:\/\/www.physioteam-sendling.de\/index.php?rest_route=\/wp\/v2\/types\/page"}],"author":[{"embeddable":true,"href":"https:\/\/www.physioteam-sendling.de\/index.php?rest_route=\/wp\/v2\/users\/1"}],"replies":[{"embeddable":true,"href":"https:\/\/www.physioteam-sendling.de\/index.php?rest_route=%2Fwp%2Fv2%2Fcomments&post=188"}],"version-history":[{"count":1,"href":"https:\/\/www.physioteam-sendling.de\/index.php?rest_route=\/wp\/v2\/pages\/188\/revisions"}],"predecessor-version":[{"id":189,"href":"https:\/\/www.physioteam-sendling.de\/index.php?rest_route=\/wp\/v2\/pages\/188\/revisions\/189"}],"wp:attachment":[{"href":"https:\/\/www.physioteam-sendling.de\/index.php?rest_route=%2Fwp%2Fv2%2Fmedia&parent=188"}],"curies":[{"name":"wp","href":"https:\/\/api.w.org\/{rel}","templated":true}]}}