{"id":186,"date":"2018-04-15T10:25:39","date_gmt":"2018-04-15T08:25:39","guid":{"rendered":"http:\/\/www.physioteam-sendling.de\/wp-physioteam\/?page_id=186"},"modified":"2018-04-15T10:25:39","modified_gmt":"2018-04-15T08:25:39","slug":"atemtherapie","status":"publish","type":"page","link":"https:\/\/www.physioteam-sendling.de\/?page_id=186","title":{"rendered":"Atemtherapie"},"content":{"rendered":"<p>Die Atemtherapie ist an die chronisch Lungenkranke gerichtet, wie z.B. Patienten mit chronisch obstruktiver Lungenerkrankung (<abbr title=\"chronic obstructive pulmonary disease\">COPD<\/abbr>), Lungenemphysem und Mukoviscidose. Hierbei kommen verschieden Atemtechniken zur Anwendung, die zu einer Sekretmobilisation und dem leichterem Abhusten des Sekrets f\u00fchren sollen. Unterst\u00fctzt wird diese Therapie durch verschiedene Atemtherapieger\u00e4te, wie dem Flutter oder das Cornet. Damit dient die Atemtherapie zur Verbesserung der Alltagsbelastbarkeit und zur Steigerung der Lebensqualit\u00e4t der Lungenerkrankten.<\/p>\n","protected":false},"excerpt":{"rendered":"<p>Die Atemtherapie ist an die chronisch Lungenkranke gerichtet, wie z.B. Patienten mit chronisch obstruktiver Lungenerkrankung (COPD), Lungenemphysem und Mukoviscidose. Hierbei kommen verschieden Atemtechniken zur Anwendung, die zu einer Sekretmobilisation und dem leichterem Abhusten des Sekrets f\u00fchren sollen. Unterst\u00fctzt wird diese Therapie durch verschiedene Atemtherapieger\u00e4te, wie dem Flutter oder das Cornet. Damit dient die Atemtherapie zur &hellip; <\/p>\n<p class=\"link-more\"><a href=\"https:\/\/www.physioteam-sendling.de\/?page_id=186\" class=\"more-link\"><span class=\"screen-reader-text\">\u201eAtemtherapie\u201c <\/span>weiterlesen<\/a><\/p>\n","protected":false},"author":1,"featured_media":0,"parent":0,"menu_order":0,"comment_status":"closed","ping_status":"closed","template":"","meta":{"ngg_post_thumbnail":0,"footnotes":""},"class_list":["post-186","page","type-page","status-publish","hentry"],"_links":{"self":[{"href":"https:\/\/www.physioteam-sendling.de\/index.php?rest_route=\/wp\/v2\/pages\/186","targetHints":{"allow":["GET"]}}],"collection":[{"href":"https:\/\/www.physioteam-sendling.de\/index.php?rest_route=\/wp\/v2\/pages"}],"about":[{"href":"https:\/\/www.physioteam-sendling.de\/index.php?rest_route=\/wp\/v2\/types\/page"}],"author":[{"embeddable":true,"href":"https:\/\/www.physioteam-sendling.de\/index.php?rest_route=\/wp\/v2\/users\/1"}],"replies":[{"embeddable":true,"href":"https:\/\/www.physioteam-sendling.de\/index.php?rest_route=%2Fwp%2Fv2%2Fcomments&post=186"}],"version-history":[{"count":1,"href":"https:\/\/www.physioteam-sendling.de\/index.php?rest_route=\/wp\/v2\/pages\/186\/revisions"}],"predecessor-version":[{"id":187,"href":"https:\/\/www.physioteam-sendling.de\/index.php?rest_route=\/wp\/v2\/pages\/186\/revisions\/187"}],"wp:attachment":[{"href":"https:\/\/www.physioteam-sendling.de\/index.php?rest_route=%2Fwp%2Fv2%2Fmedia&parent=186"}],"curies":[{"name":"wp","href":"https:\/\/api.w.org\/{rel}","templated":true}]}}