{"id":184,"date":"2018-04-15T10:25:28","date_gmt":"2018-04-15T08:25:28","guid":{"rendered":"http:\/\/www.physioteam-sendling.de\/wp-physioteam\/?page_id=184"},"modified":"2018-04-15T10:25:28","modified_gmt":"2018-04-15T08:25:28","slug":"kiefergelenkstherapie","status":"publish","type":"page","link":"https:\/\/www.physioteam-sendling.de\/?page_id=184","title":{"rendered":"Kiefergelenkstherapie"},"content":{"rendered":"<div class=\"ui-accordion-content ui-helper-reset ui-widget-content ui-corner-bottom ui-accordion-content-active\" role=\"tabpanel\">\n<p>Das Kiefergelenk ist das meist benutzte Gelenk des K\u00f6rpers. Da die Muskeln des Kauapparates \u00fcber Muskelketten mit der Wirbels\u00e4ule in Verbindung stehen, k\u00f6nnen Dysbalancen \u00fcber Nacken- und Schulterschmerzen bis hin zu einem muskul\u00e4ren Beckenschiefstand f\u00fchren.<\/p>\n<p>Eine gest\u00f6rte Funktion des Kiefers kann sich darstellen in Form von: Schmerzen des Kiefers, Gesichtsschmerzen, Z\u00e4hneknirschen, Kopf- Nacken- und Schulterschmerzen, Ohrenger\u00e4uschen, schnelle Erm\u00fcdbarkeit beim Mund offen halten (z.B. beim Zahnarzt), diffuse Zahnschmerzen und Knackger\u00e4uschen beim Kauen oder G\u00e4hnen.<\/p>\n<\/div>\n","protected":false},"excerpt":{"rendered":"<p>Das Kiefergelenk ist das meist benutzte Gelenk des K\u00f6rpers. Da die Muskeln des Kauapparates \u00fcber Muskelketten mit der Wirbels\u00e4ule in Verbindung stehen, k\u00f6nnen Dysbalancen \u00fcber Nacken- und Schulterschmerzen bis hin zu einem muskul\u00e4ren Beckenschiefstand f\u00fchren. Eine gest\u00f6rte Funktion des Kiefers kann sich darstellen in Form von: Schmerzen des Kiefers, Gesichtsschmerzen, Z\u00e4hneknirschen, Kopf- Nacken- und Schulterschmerzen, &hellip; <\/p>\n<p class=\"link-more\"><a href=\"https:\/\/www.physioteam-sendling.de\/?page_id=184\" class=\"more-link\"><span class=\"screen-reader-text\">\u201eKiefergelenkstherapie\u201c <\/span>weiterlesen<\/a><\/p>\n","protected":false},"author":1,"featured_media":0,"parent":0,"menu_order":0,"comment_status":"closed","ping_status":"closed","template":"","meta":{"ngg_post_thumbnail":0,"footnotes":""},"class_list":["post-184","page","type-page","status-publish","hentry"],"_links":{"self":[{"href":"https:\/\/www.physioteam-sendling.de\/index.php?rest_route=\/wp\/v2\/pages\/184","targetHints":{"allow":["GET"]}}],"collection":[{"href":"https:\/\/www.physioteam-sendling.de\/index.php?rest_route=\/wp\/v2\/pages"}],"about":[{"href":"https:\/\/www.physioteam-sendling.de\/index.php?rest_route=\/wp\/v2\/types\/page"}],"author":[{"embeddable":true,"href":"https:\/\/www.physioteam-sendling.de\/index.php?rest_route=\/wp\/v2\/users\/1"}],"replies":[{"embeddable":true,"href":"https:\/\/www.physioteam-sendling.de\/index.php?rest_route=%2Fwp%2Fv2%2Fcomments&post=184"}],"version-history":[{"count":1,"href":"https:\/\/www.physioteam-sendling.de\/index.php?rest_route=\/wp\/v2\/pages\/184\/revisions"}],"predecessor-version":[{"id":185,"href":"https:\/\/www.physioteam-sendling.de\/index.php?rest_route=\/wp\/v2\/pages\/184\/revisions\/185"}],"wp:attachment":[{"href":"https:\/\/www.physioteam-sendling.de\/index.php?rest_route=%2Fwp%2Fv2%2Fmedia&parent=184"}],"curies":[{"name":"wp","href":"https:\/\/api.w.org\/{rel}","templated":true}]}}