{"id":180,"date":"2018-04-15T10:24:58","date_gmt":"2018-04-15T08:24:58","guid":{"rendered":"http:\/\/www.physioteam-sendling.de\/wp-physioteam\/?page_id=180"},"modified":"2018-04-15T10:24:58","modified_gmt":"2018-04-15T08:24:58","slug":"manuelle-lymphdrainage","status":"publish","type":"page","link":"https:\/\/www.physioteam-sendling.de\/?page_id=180","title":{"rendered":"Manuelle Lymphdrainage"},"content":{"rendered":"<p>Diese Art der Behandlung wird bei Lymph\u00f6demen, phlebolymphostatischen Stau und Lip\u00f6demen eingesetzt. Sie dient \u00fcberwiegend zur \u00d6dem- und Entstauungstherapie geschwollener K\u00f6rperregionen, wie dem K\u00f6rperstamm und den Extremit\u00e4ten. Schwellungen des K\u00f6rpers k\u00f6nnen unterschiedliche Ursachen haben, unter anderem nach Krebsleiden, nach einem Trauma oder Operationen. Das Bandagieren mit Kompressionsbandagen bzw. mit Kompressionsbestrumpfung dient dabei zur Unterst\u00fctzung der Lymphdrainage.<\/p>\n","protected":false},"excerpt":{"rendered":"<p>Diese Art der Behandlung wird bei Lymph\u00f6demen, phlebolymphostatischen Stau und Lip\u00f6demen eingesetzt. Sie dient \u00fcberwiegend zur \u00d6dem- und Entstauungstherapie geschwollener K\u00f6rperregionen, wie dem K\u00f6rperstamm und den Extremit\u00e4ten. Schwellungen des K\u00f6rpers k\u00f6nnen unterschiedliche Ursachen haben, unter anderem nach Krebsleiden, nach einem Trauma oder Operationen. Das Bandagieren mit Kompressionsbandagen bzw. mit Kompressionsbestrumpfung dient dabei zur Unterst\u00fctzung der &hellip; <\/p>\n<p class=\"link-more\"><a href=\"https:\/\/www.physioteam-sendling.de\/?page_id=180\" class=\"more-link\"><span class=\"screen-reader-text\">\u201eManuelle Lymphdrainage\u201c <\/span>weiterlesen<\/a><\/p>\n","protected":false},"author":1,"featured_media":0,"parent":0,"menu_order":0,"comment_status":"closed","ping_status":"closed","template":"","meta":{"ngg_post_thumbnail":0,"footnotes":""},"class_list":["post-180","page","type-page","status-publish","hentry"],"_links":{"self":[{"href":"https:\/\/www.physioteam-sendling.de\/index.php?rest_route=\/wp\/v2\/pages\/180","targetHints":{"allow":["GET"]}}],"collection":[{"href":"https:\/\/www.physioteam-sendling.de\/index.php?rest_route=\/wp\/v2\/pages"}],"about":[{"href":"https:\/\/www.physioteam-sendling.de\/index.php?rest_route=\/wp\/v2\/types\/page"}],"author":[{"embeddable":true,"href":"https:\/\/www.physioteam-sendling.de\/index.php?rest_route=\/wp\/v2\/users\/1"}],"replies":[{"embeddable":true,"href":"https:\/\/www.physioteam-sendling.de\/index.php?rest_route=%2Fwp%2Fv2%2Fcomments&post=180"}],"version-history":[{"count":1,"href":"https:\/\/www.physioteam-sendling.de\/index.php?rest_route=\/wp\/v2\/pages\/180\/revisions"}],"predecessor-version":[{"id":181,"href":"https:\/\/www.physioteam-sendling.de\/index.php?rest_route=\/wp\/v2\/pages\/180\/revisions\/181"}],"wp:attachment":[{"href":"https:\/\/www.physioteam-sendling.de\/index.php?rest_route=%2Fwp%2Fv2%2Fmedia&parent=180"}],"curies":[{"name":"wp","href":"https:\/\/api.w.org\/{rel}","templated":true}]}}