{"id":178,"date":"2018-04-15T10:24:43","date_gmt":"2018-04-15T08:24:43","guid":{"rendered":"http:\/\/www.physioteam-sendling.de\/wp-physioteam\/?page_id=178"},"modified":"2018-04-15T10:24:43","modified_gmt":"2018-04-15T08:24:43","slug":"osteopathie","status":"publish","type":"page","link":"https:\/\/www.physioteam-sendling.de\/?page_id=178","title":{"rendered":"Osteopathie"},"content":{"rendered":"<div class=\"ui-accordion-content ui-helper-reset ui-widget-content ui-corner-bottom ui-accordion-content-active\" role=\"tabpanel\">\n<p>Die Osteopathie besch\u00e4ftigt sich nicht mit der Behandlung einzelner Symptome, sondern sucht immer nach den Ursachen von Beschwerden und behandelt diese. Der menschliche Organismus besteht aus unz\u00e4hligen Strukturen, die alle miteinander direkt oder indirekt in Verbindung stehen. Dies erkl\u00e4rt, warum Ursachen an einer Stelle oft zu Beschwerden in ganz anderen K\u00f6rperregionen f\u00fchren. Osteopathie nimmt somit nicht nur Einfluss auf den Bewegungsapparat, sondern auch auf die Organe, die Fascien, aber auch auf das craniale System des K\u00f6rpers.<\/p>\n<p>Die Craniosacrale Therapie beruht unter anderem auf der Annahme, dass sich die rhythmischen Pulsationen der Gehirn-R\u00fcckenmarksfl\u00fcssigkeit auf die \u00e4u\u00dferen Gewebe und Knochen \u00fcbertragen. Diese Fl\u00fcssigkeit n\u00e4hrt, bewegt und sch\u00fctzt das Nervensystem. Craniosacral-Therapeuten ersp\u00fcren die Qualit\u00e4t der rhythmischen Bewegungen und k\u00f6nnen sie unterst\u00fctzen und harmonisieren. Daraufhin l\u00f6sen sich Verspannungen, Schmerzen oder Bewegungseinschr\u00e4nkungen; das Immunsystem erf\u00e4hrt eine St\u00e4rkung und die Vitalfunktionen stabilisieren sich.<\/p>\n<p>Demzufolge behandelt die Osteopathie nicht einzelne Beschwerden, sondern immer den Patienten in seiner Gesamtheit.<\/p>\n<\/div>\n","protected":false},"excerpt":{"rendered":"<p>Die Osteopathie besch\u00e4ftigt sich nicht mit der Behandlung einzelner Symptome, sondern sucht immer nach den Ursachen von Beschwerden und behandelt diese. Der menschliche Organismus besteht aus unz\u00e4hligen Strukturen, die alle miteinander direkt oder indirekt in Verbindung stehen. Dies erkl\u00e4rt, warum Ursachen an einer Stelle oft zu Beschwerden in ganz anderen K\u00f6rperregionen f\u00fchren. Osteopathie nimmt somit &hellip; <\/p>\n<p class=\"link-more\"><a href=\"https:\/\/www.physioteam-sendling.de\/?page_id=178\" class=\"more-link\"><span class=\"screen-reader-text\">\u201eOsteopathie\u201c <\/span>weiterlesen<\/a><\/p>\n","protected":false},"author":1,"featured_media":0,"parent":0,"menu_order":0,"comment_status":"closed","ping_status":"closed","template":"","meta":{"ngg_post_thumbnail":0,"footnotes":""},"class_list":["post-178","page","type-page","status-publish","hentry"],"_links":{"self":[{"href":"https:\/\/www.physioteam-sendling.de\/index.php?rest_route=\/wp\/v2\/pages\/178","targetHints":{"allow":["GET"]}}],"collection":[{"href":"https:\/\/www.physioteam-sendling.de\/index.php?rest_route=\/wp\/v2\/pages"}],"about":[{"href":"https:\/\/www.physioteam-sendling.de\/index.php?rest_route=\/wp\/v2\/types\/page"}],"author":[{"embeddable":true,"href":"https:\/\/www.physioteam-sendling.de\/index.php?rest_route=\/wp\/v2\/users\/1"}],"replies":[{"embeddable":true,"href":"https:\/\/www.physioteam-sendling.de\/index.php?rest_route=%2Fwp%2Fv2%2Fcomments&post=178"}],"version-history":[{"count":1,"href":"https:\/\/www.physioteam-sendling.de\/index.php?rest_route=\/wp\/v2\/pages\/178\/revisions"}],"predecessor-version":[{"id":179,"href":"https:\/\/www.physioteam-sendling.de\/index.php?rest_route=\/wp\/v2\/pages\/178\/revisions\/179"}],"wp:attachment":[{"href":"https:\/\/www.physioteam-sendling.de\/index.php?rest_route=%2Fwp%2Fv2%2Fmedia&parent=178"}],"curies":[{"name":"wp","href":"https:\/\/api.w.org\/{rel}","templated":true}]}}