{"id":144,"date":"2018-04-14T19:21:47","date_gmt":"2018-04-14T17:21:47","guid":{"rendered":"http:\/\/www.physioteam-sendling.de\/wp-physioteam\/?page_id=144"},"modified":"2018-04-15T10:26:48","modified_gmt":"2018-04-15T08:26:48","slug":"manuelle-therapie","status":"publish","type":"page","link":"https:\/\/www.physioteam-sendling.de\/?page_id=144","title":{"rendered":"Manuelle Therapie"},"content":{"rendered":"<p>&#8230; hei\u00dft w\u00f6rtlich:<br \/>\nHeilbehandlung mit den H\u00e4nden. Die Manuelle Therapie dient zur Behandlung von Funktionsst\u00f6rungen des Bewegungsapparates. Sie steht f\u00fcr eine systematische physiotherapeutische Untersuchung und Behandlung der Gelenke und der umliegenden Strukturen. Die Behandlung mit den H\u00e4nden dient unter anderem zur Schmerzlinderung, zur Mobilisierung und zur Beeinflussung der Gewebebeschaffenheit und ist dabei ein Bestandteil eines umfassenden Konzeptes.<\/p>\n","protected":false},"excerpt":{"rendered":"<p>&#8230; hei\u00dft w\u00f6rtlich: Heilbehandlung mit den H\u00e4nden. Die Manuelle Therapie dient zur Behandlung von Funktionsst\u00f6rungen des Bewegungsapparates. Sie steht f\u00fcr eine systematische physiotherapeutische Untersuchung und Behandlung der Gelenke und der umliegenden Strukturen. Die Behandlung mit den H\u00e4nden dient unter anderem zur Schmerzlinderung, zur Mobilisierung und zur Beeinflussung der Gewebebeschaffenheit und ist dabei ein Bestandteil eines &hellip; <\/p>\n<p class=\"link-more\"><a href=\"https:\/\/www.physioteam-sendling.de\/?page_id=144\" class=\"more-link\"><span class=\"screen-reader-text\">\u201eManuelle Therapie\u201c <\/span>weiterlesen<\/a><\/p>\n","protected":false},"author":1,"featured_media":0,"parent":0,"menu_order":0,"comment_status":"closed","ping_status":"closed","template":"","meta":{"ngg_post_thumbnail":0,"footnotes":""},"class_list":["post-144","page","type-page","status-publish","hentry"],"_links":{"self":[{"href":"https:\/\/www.physioteam-sendling.de\/index.php?rest_route=\/wp\/v2\/pages\/144","targetHints":{"allow":["GET"]}}],"collection":[{"href":"https:\/\/www.physioteam-sendling.de\/index.php?rest_route=\/wp\/v2\/pages"}],"about":[{"href":"https:\/\/www.physioteam-sendling.de\/index.php?rest_route=\/wp\/v2\/types\/page"}],"author":[{"embeddable":true,"href":"https:\/\/www.physioteam-sendling.de\/index.php?rest_route=\/wp\/v2\/users\/1"}],"replies":[{"embeddable":true,"href":"https:\/\/www.physioteam-sendling.de\/index.php?rest_route=%2Fwp%2Fv2%2Fcomments&post=144"}],"version-history":[{"count":2,"href":"https:\/\/www.physioteam-sendling.de\/index.php?rest_route=\/wp\/v2\/pages\/144\/revisions"}],"predecessor-version":[{"id":196,"href":"https:\/\/www.physioteam-sendling.de\/index.php?rest_route=\/wp\/v2\/pages\/144\/revisions\/196"}],"wp:attachment":[{"href":"https:\/\/www.physioteam-sendling.de\/index.php?rest_route=%2Fwp%2Fv2%2Fmedia&parent=144"}],"curies":[{"name":"wp","href":"https:\/\/api.w.org\/{rel}","templated":true}]}}